{"id":405,"date":"2020-02-07T15:15:59","date_gmt":"2020-02-07T18:15:59","guid":{"rendered":"https:\/\/beta.eurotec.com.ar\/?page_id=405"},"modified":"2025-09-19T09:01:40","modified_gmt":"2025-09-19T12:01:40","slug":"aves","status":"publish","type":"page","link":"https:\/\/eurotec.com.ar\/index.php\/aves\/","title":{"rendered":"aves"},"content":{"rendered":"<p>[et_pb_section fb_built=&#8221;1&#8243; fullwidth=&#8221;on&#8221; _builder_version=&#8221;4.16&#8243; background_color=&#8221;#ffffff&#8221; width=&#8221;100%&#8221; width_tablet=&#8221;&#8221; width_phone=&#8221;&#8221; width_last_edited=&#8221;on|desktop&#8221; custom_margin_tablet=&#8221;&#8221; custom_margin_phone=&#8221;||-550px||false|false&#8221; custom_margin_last_edited=&#8221;on|phone&#8221; global_colors_info=&#8221;{}&#8221;][et_pb_fullwidth_slider show_arrows_tablet=&#8221;&#8221; show_arrows_phone=&#8221;off&#8221; show_arrows_last_edited=&#8221;on|phone&#8221; show_pagination_tablet=&#8221;&#8221; show_pagination_phone=&#8221;off&#8221; show_pagination_last_edited=&#8221;on|phone&#8221; _builder_version=&#8221;4.27.4&#8243; background_color=&#8221;#ffffff&#8221; width=&#8221;100%&#8221; max_width=&#8221;100%&#8221; module_alignment=&#8221;center&#8221; custom_padding=&#8221;467px|||||&#8221; auto=&#8221;on&#8221; auto_speed=&#8221;5000&#8243; auto_ignore_hover=&#8221;on&#8221; hover_enabled=&#8221;0&#8243; global_colors_info=&#8221;{}&#8221; sticky_enabled=&#8221;0&#8243;][et_pb_slide _builder_version=&#8221;4.27.4&#8243; background_color=&#8221;#ffffff&#8221; background_enable_color=&#8221;on&#8221; background_image=&#8221;https:\/\/eurotec.com.ar\/wp-content\/uploads\/2020\/04\/Home-Eurotec-02.jpg&#8221; background_enable_image=&#8221;on&#8221; background_size=&#8221;contain&#8221; background_position=&#8221;top_center&#8221; width=&#8221;100%&#8221; max_width=&#8221;100%&#8221; hover_enabled=&#8221;0&#8243; global_colors_info=&#8221;{}&#8221; sticky_transition=&#8221;on&#8221; title_text=&#8221;Home-Eurotec-02&#8243; sticky_enabled=&#8221;0&#8243;][\/et_pb_slide][\/et_pb_fullwidth_slider][\/et_pb_section][et_pb_section fb_built=&#8221;1&#8243; _builder_version=&#8221;4.16&#8243; background_color=&#8221;#f4b083&#8243; custom_margin=&#8221;60px|||||&#8221; custom_margin_tablet=&#8221;&#8221; custom_margin_phone=&#8221;204px||||false|false&#8221; custom_margin_last_edited=&#8221;on|phone&#8221; custom_padding=&#8221;4px||0px|||&#8221; global_colors_info=&#8221;{}&#8221;][et_pb_row column_structure=&#8221;3_5,2_5&#8243; _builder_version=&#8221;4.16&#8243; global_colors_info=&#8221;{}&#8221;][et_pb_column type=&#8221;3_5&#8243; _builder_version=&#8221;4.16&#8243; global_colors_info=&#8221;{}&#8221;][et_pb_text _builder_version=&#8221;4.16&#8243; text_text_color=&#8221;#ffffff&#8221; header_text_color=&#8221;#ffffff&#8221; global_colors_info=&#8221;{}&#8221;]<\/p>\n<h1>Aves Ponedoras<\/h1>\n<p>[\/et_pb_text][\/et_pb_column][et_pb_column type=&#8221;2_5&#8243; _builder_version=&#8221;4.16&#8243; global_colors_info=&#8221;{}&#8221;][\/et_pb_column][\/et_pb_row][\/et_pb_section][et_pb_section fb_built=&#8221;1&#8243; _builder_version=&#8221;4.16&#8243; background_color=&#8221;#ffffff&#8221; custom_margin=&#8221;0px|||||&#8221; custom_padding=&#8221;4px||0px|||&#8221; global_colors_info=&#8221;{}&#8221;][et_pb_row column_structure=&#8221;3_4,1_4&#8243; _builder_version=&#8221;4.16&#8243; custom_margin=&#8221;|auto|2px|auto|false|false&#8221; custom_padding=&#8221;||5px||false|false&#8221; border_color_bottom=&#8221;#7bafde&#8221; global_colors_info=&#8221;{}&#8221;][et_pb_column type=&#8221;3_4&#8243; _builder_version=&#8221;4.16&#8243; global_colors_info=&#8221;{}&#8221;][et_pb_text disabled_on=&#8221;on|off|off&#8221; _builder_version=&#8221;4.16&#8243; text_font=&#8221;|600|||||||&#8221; text_text_color=&#8221;#000000&#8243; text_font_size=&#8221;18px&#8221; link_line_height=&#8221;2.1em&#8221; header_text_color=&#8221;#ffffff&#8221; global_colors_info=&#8221;{}&#8221;]<\/p>\n<p><a href=\"#nucleos\" style=\"padding: 5px; background-color: #f4b083; border-radius: 8px; margin-right: 10px; color: #fff;\">N\u00daCLEOS<\/a><a href=\"#premezclas\" style=\"padding: 5px; background-color: #f4b083; border-radius: 8px; margin-right: 10px; color: #fff;\">PREMEZCLAS (PREMIX)<\/a><\/p>\n<p>[\/et_pb_text][et_pb_text disabled_on=&#8221;off|off|on&#8221; _builder_version=&#8221;4.16&#8243; text_font=&#8221;|600|||||||&#8221; text_text_color=&#8221;#000000&#8243; text_font_size=&#8221;18px&#8221; link_line_height=&#8221;2.1em&#8221; header_text_color=&#8221;#ffffff&#8221; global_colors_info=&#8221;{}&#8221;]<\/p>\n<p><a href=\"#nucleos\" style=\"padding: 5px; background-color: #f4b083; border-radius: 8px; margin-right: 10px; color: #fff;\">N\u00daCLEOS<\/a><\/p>\n<p><a href=\"#premezclas\" style=\"padding: 5px; background-color: #f4b083; border-radius: 8px; margin-right: 10px; color: #fff;\">PREMEZCLAS (PREMIX)<\/a><\/p>\n<p>[\/et_pb_text][et_pb_text _builder_version=&#8221;4.16&#8243; header_text_color=&#8221;#f4b083&#8243; border_width_bottom=&#8221;2px&#8221; border_color_bottom=&#8221;#f4b083&#8243; global_colors_info=&#8221;{}&#8221;]<a name=\"nucleos\"><\/a><\/p>\n<h1><strong>N\u00facleos<\/strong><\/h1>\n<p>[\/et_pb_text][\/et_pb_column][et_pb_column type=&#8221;1_4&#8243; _builder_version=&#8221;4.16&#8243; global_colors_info=&#8221;{}&#8221;][\/et_pb_column][\/et_pb_row][et_pb_row column_structure=&#8221;3_4,1_4&#8243; _builder_version=&#8221;4.16&#8243; custom_margin=&#8221;|auto|59px||false|false&#8221; custom_padding=&#8221;19px||6px||false|false&#8221; border_color_bottom=&#8221;#7bafde&#8221; global_colors_info=&#8221;{}&#8221;][et_pb_column type=&#8221;3_4&#8243; _builder_version=&#8221;4.16&#8243; global_colors_info=&#8221;{}&#8221;][et_pb_text _builder_version=&#8221;4.16&#8243; global_colors_info=&#8221;{}&#8221;]<\/p>\n<p style=\"text-align: justify;\">Los N\u00daCLEOS VITAMINICOS-MINERALES de Eurotec Nutrition cubren los requerimientos para<br \/>\nlograr una \u00f3ptima performance.<\/p>\n<p>Los animales en crecimiento no deben padecer ning\u00fan tipo de restricci\u00f3n dietaria si no quiere<br \/>\ncomprometerse su salud y futuras producciones.<\/p>\n<p>[\/et_pb_text][et_pb_toggle title=&#8221;Informaci\u00f3n&#8221; open_toggle_text_color=&#8221;#f4b083&#8243; open_toggle_background_color=&#8221;rgba(0,0,0,0)&#8221; closed_toggle_background_color=&#8221;rgba(0,0,0,0)&#8221; icon_color=&#8221;rgba(0,0,0,0)&#8221; open_icon_color=&#8221;rgba(0,0,0,0)&#8221; _builder_version=&#8221;4.16&#8243; title_text_color=&#8221;#f4b083&#8243; title_level=&#8221;h3&#8243; title_font=&#8221;|600|||||||&#8221; title_font_size=&#8221;19px&#8221; body_line_height=&#8221;2.2em&#8221; custom_margin=&#8221;-12px||5px|||&#8221; custom_padding=&#8221;||14px|0px|false|false&#8221; custom_padding_tablet=&#8221;&#8221; custom_padding_phone=&#8221;&#8221; custom_padding_last_edited=&#8221;on|phone&#8221; body_font_size_tablet=&#8221;&#8221; body_font_size_phone=&#8221;10px&#8221; body_font_size_last_edited=&#8221;on|phone&#8221; body_line_height_tablet=&#8221;&#8221; body_line_height_phone=&#8221;2.6em&#8221; body_line_height_last_edited=&#8221;on|phone&#8221; border_width_all=&#8221;0px&#8221; border_width_bottom=&#8221;1px&#8221; border_color_bottom=&#8221;#f4b083&#8243; global_colors_info=&#8221;{}&#8221;]<strong>Contiene<\/strong><br \/>\nEUROTIOX\u00ae (Antioxidante)<\/p>\n<p><strong>Modo de uso<\/strong><br \/>\ngr.\/animal\/d\u00eda: 0,06 % del Peso Vivo<\/p>\n<p><strong>Presentaci\u00f3n<\/strong><br \/>\nBolsas por 25 kg. de peso neto<\/p>\n<p><strong>Composici\u00f3n<\/strong><\/p>\n<table width=\"100%\" border=\"0\">\n<tbody>\n<tr>\n<td bgcolor=\"#fdefe6\">VITAMINA A:<\/td>\n<td bgcolor=\"#fdefe6\" style=\"text-align: right;\">4.000.000 UI\/kg<\/td>\n<\/tr>\n<tr bgcolor=\"#FFFFFF\">\n<td>VITAMINA D3:<\/td>\n<td style=\"text-align: right;\">1.125.000 UI\/kg<\/td>\n<\/tr>\n<tr>\n<td bgcolor=\"#fdefe6\">VITAMINA E:<\/td>\n<td bgcolor=\"#fdefe6\" style=\"text-align: right;\">1.750 UI\/kg<\/td>\n<\/tr>\n<tr bgcolor=\"#FFFFFF\">\n<td>VITAMINA K3: <\/td>\n<td style=\"text-align: right;\">750 mg\/kg<\/td>\n<\/tr>\n<tr>\n<td bgcolor=\"#fdefe6\">ACIDO FOLICO:<\/td>\n<td bgcolor=\"#fdefe6\" style=\"text-align: right;\">212,5 mg\/kg<\/td>\n<\/tr>\n<tr bgcolor=\"#FFFFFF\">\n<td>VITAMINA B1:<\/td>\n<td style=\"text-align: right;\">150 mg\/kg<\/td>\n<\/tr>\n<tr>\n<td bgcolor=\"#fdefe6\"> VITAMINA B2:<\/td>\n<td bgcolor=\"#fdefe6\" style=\"text-align: right;\">1.750 mg\/kg<\/td>\n<\/tr>\n<tr bgcolor=\"#FFFFFF\">\n<td>VITAMINA B6:<\/td>\n<td style=\"text-align: right;\">250 mg\/kg<\/td>\n<\/tr>\n<tr>\n<td bgcolor=\"#fdefe6\">VITAMINA B12:<\/td>\n<td bgcolor=\"#fdefe6\" style=\"text-align: right;\">4,5 mg\/kg<\/td>\n<\/tr>\n<tr bgcolor=\"#FFFFFF\">\n<td>VITAMINA C: <\/td>\n<td style=\"text-align: right;\">2.500 mg\/kg<\/td>\n<\/tr>\n<tr>\n<td bgcolor=\"#fdefe6\">COLINA: <\/td>\n<td bgcolor=\"#fdefe6\" style=\"text-align: right;\">125.000 mg\/kg<\/td>\n<\/tr>\n<tr bgcolor=\"#FFFFFF\">\n<td>ACIDO NICOT\u00cdNICO:<\/td>\n<td style=\"text-align: right;\">11.000 mg\/kg<\/td>\n<\/tr>\n<tr>\n<td bgcolor=\"#fdefe6\">PANTOTENATO DE CALCIO: <\/td>\n<td bgcolor=\"#fdefe6\" style=\"text-align: right;\">3.000 mg\/kg<\/td>\n<\/tr>\n<tr bgcolor=\"#FFFFFF\">\n<td>MANGANESO:<\/td>\n<td style=\"text-align: right;\">32.500 mg\/kg<\/td>\n<\/tr>\n<tr>\n<td bgcolor=\"#fdefe6\">ZINC: <\/td>\n<td bgcolor=\"#fdefe6\" style=\"text-align: right;\">23.750 mg\/kg<\/td>\n<\/tr>\n<tr bgcolor=\"#FFFFFF\">\n<td>HIERRO: <\/td>\n<td style=\"text-align: right;\">17.000 mg\/kg<\/td>\n<\/tr>\n<tr>\n<td bgcolor=\"#fdefe6\">COBRE: <\/td>\n<td bgcolor=\"#fdefe6\" style=\"text-align: right;\">3.250 mg\/kg<\/td>\n<\/tr>\n<tr bgcolor=\"#FFFFFF\">\n<td>IODO:<\/td>\n<td style=\"text-align: right;\">375 mg\/kg<\/td>\n<\/tr>\n<tr>\n<td bgcolor=\"#fdefe6\">SELENIO: <\/td>\n<td bgcolor=\"#fdefe6\" style=\"text-align: right;\">45 mg\/kg<\/td>\n<\/tr>\n<\/tbody>\n<\/table>\n<p>[\/et_pb_toggle][\/et_pb_column][et_pb_column type=&#8221;1_4&#8243; _builder_version=&#8221;4.16&#8243; global_colors_info=&#8221;{}&#8221;][\/et_pb_column][\/et_pb_row][et_pb_row column_structure=&#8221;3_4,1_4&#8243; _builder_version=&#8221;4.16&#8243; custom_margin=&#8221;|auto|2px|auto|false|false&#8221; custom_padding=&#8221;||5px||false|false&#8221; border_color_bottom=&#8221;#7bafde&#8221; global_colors_info=&#8221;{}&#8221;][et_pb_column type=&#8221;3_4&#8243; _builder_version=&#8221;4.16&#8243; global_colors_info=&#8221;{}&#8221;][et_pb_text _builder_version=&#8221;4.16&#8243; header_text_color=&#8221;#f4b083&#8243; border_width_bottom=&#8221;2px&#8221; border_color_bottom=&#8221;#f4b083&#8243; global_colors_info=&#8221;{}&#8221;]<a name=\"premezclas\"><\/a><\/p>\n<h1><strong>Premezclas<\/strong><\/h1>\n<p>[\/et_pb_text][et_pb_text _builder_version=&#8221;4.16&#8243; global_colors_info=&#8221;{}&#8221;]<\/p>\n<p style=\"text-align: justify;\">\n<h2><b>Premezclas (PREMIX)<\/b><\/h2>\n<p>L\u00ednea de premezclas que contienen micronutrientes y aditivos.<br \/>\n\u2022 Permite elaborar su propio alimento.<br \/>\n\u2022 Permite utilizar el cereal\/materia prima disponible en la zona.<br \/>\n\u2022 Evita el stock innecesario de micronutrientes en el establecimiento, permitiendo disminuir los<br \/>\ncostos de alimentaci\u00f3n.<br \/>\n\u2022 Permite disponer en 25 kg. (1 envase) de vitaminas, amino\u00e1cidos, minerales, adsorbentes de<br \/>\nmicotoxinas, antioxidante, etc.<br \/>\n\u2022 Incluye aporte de f\u00f3sforo.<br \/>\n\u2022 F\u00e1cil de usar y de dosificar: 25 kg. de premix por tonelada de raci\u00f3n final.<br \/>\n\u2022 Facilita el manejo de la alimentaci\u00f3n, siendo una alternativa econ\u00f3mica para productores con<br \/>\nmanejos simples o que quieran facilitar la tarea de elaboraci\u00f3n.<\/p>\n<p>[\/et_pb_text][et_pb_toggle title=&#8221;Premix Ponedora con Fosfato&#8221; open_toggle_text_color=&#8221;#f4b083&#8243; open_toggle_background_color=&#8221;rgba(0,0,0,0)&#8221; closed_toggle_background_color=&#8221;rgba(0,0,0,0)&#8221; icon_color=&#8221;rgba(0,0,0,0)&#8221; open_icon_color=&#8221;rgba(0,0,0,0)&#8221; _builder_version=&#8221;4.16&#8243; title_text_color=&#8221;#f4b083&#8243; title_level=&#8221;h3&#8243; title_font=&#8221;|600|||||||&#8221; title_font_size=&#8221;19px&#8221; body_line_height=&#8221;2.2em&#8221; custom_margin=&#8221;-12px||5px|||&#8221; custom_padding=&#8221;||14px|0px|false|false&#8221; custom_padding_tablet=&#8221;&#8221; custom_padding_phone=&#8221;&#8221; custom_padding_last_edited=&#8221;on|phone&#8221; body_font_size_tablet=&#8221;&#8221; body_font_size_phone=&#8221;10px&#8221; body_font_size_last_edited=&#8221;on|phone&#8221; body_line_height_tablet=&#8221;&#8221; body_line_height_phone=&#8221;2.6em&#8221; body_line_height_last_edited=&#8221;on|phone&#8221; border_width_all=&#8221;0px&#8221; border_width_bottom=&#8221;1px&#8221; border_color_bottom=&#8221;#f4b083&#8243; global_colors_info=&#8221;{}&#8221;]<strong>Premezcla para suministrar a aves en postura.<\/strong><\/p>\n<p><strong><br \/>\nContiene<\/strong><br \/>\nDETOX\u00ae (Adsorbente de Micotoxinas)<br \/>\nEUROTIOX\u00ae (Antioxidante)<\/p>\n<p><strong><br \/>\nModo de uso<\/strong><br \/>\nSuministrar a raz\u00f3n de 25 kg\/ton de alimento.<\/p>\n<p><strong><br \/>\nPresentaci\u00f3n<\/strong><br \/>\nBolsas por 25 kg. de peso neto<\/p>\n<p><strong>Composici\u00f3n<\/strong><\/p>\n<table width=\"100%\" border=\"0\">\n<tbody>\n<tr>\n<td width=\"50%\" bgcolor=\"#fdefe6\"> CALCIO:<\/td>\n<td width=\"50%\" bgcolor=\"#fdefe6\" style=\"text-align: right;\">22 %<\/td>\n<\/tr>\n<tr bgcolor=\"#FFFFFF\">\n<td width=\"50%\"> F\u00d3SFORO: <\/td>\n<td width=\"50%\" style=\"text-align: right;\">10 %<\/td>\n<\/tr>\n<tr>\n<td width=\"50%\" bgcolor=\"#fdefe6\">SODIO:<\/td>\n<td width=\"50%\" bgcolor=\"#fdefe6\" style=\"text-align: right;\">4 %<\/td>\n<\/tr>\n<tr bgcolor=\"#FFFFFF\">\n<td width=\"50%\">VITAMINA A: <\/td>\n<td width=\"50%\" style=\"text-align: right;\">320.000 UI\/kg<\/td>\n<\/tr>\n<tr>\n<td width=\"50%\" bgcolor=\"#fdefe6\">VITAMINA D3:<\/td>\n<td width=\"50%\" bgcolor=\"#fdefe6\" style=\"text-align: right;\">90.000 UI\/kg<\/td>\n<\/tr>\n<tr bgcolor=\"#FFFFFF\">\n<td width=\"50%\">VITAMINA E:<\/td>\n<td width=\"50%\" style=\"text-align: right;\">180 UI\/kg<\/td>\n<\/tr>\n<tr>\n<td width=\"50%\" bgcolor=\"#fdefe6\">VITAMINA K3:<\/td>\n<td width=\"50%\" bgcolor=\"#fdefe6\" style=\"text-align: right;\">70 mg\/kg<\/td>\n<\/tr>\n<tr bgcolor=\"#FFFFFF\">\n<td width=\"50%\">VITAMINA B1: <\/td>\n<td width=\"50%\" style=\"text-align: right;\">14 mg\/kg<\/td>\n<\/tr>\n<tr>\n<td width=\"50%\" bgcolor=\"#fdefe6\">VITAMINA B2:<\/td>\n<td width=\"50%\" bgcolor=\"#fdefe6\" style=\"text-align: right;\">160 mg\/kg<\/td>\n<\/tr>\n<tr bgcolor=\"#FFFFFF\">\n<td width=\"50%\">VITAMINA B6:<\/td>\n<td width=\"50%\" style=\"text-align: right;\">22 mg\/kg<\/td>\n<\/tr>\n<tr>\n<td width=\"50%\" bgcolor=\"#fdefe6\">VITAMINA B12:<\/td>\n<td width=\"50%\" bgcolor=\"#fdefe6\" style=\"text-align: right;\">0,4 mg\/kg<\/td>\n<\/tr>\n<tr bgcolor=\"#FFFFFF\">\n<td width=\"50%\">VITAMINA C:<\/td>\n<td width=\"50%\" style=\"text-align: right;\">200 mg\/kg<\/td>\n<\/tr>\n<tr>\n<td width=\"50%\" bgcolor=\"#fdefe6\">ACIDO NICOT\u00cdNICO: <\/td>\n<td width=\"50%\" bgcolor=\"#fdefe6\" style=\"text-align: right;\">1.000 mg\/kg<\/td>\n<\/tr>\n<tr bgcolor=\"#FFFFFF\">\n<td width=\"50%\">PANTOTENATO DE CALCIO:<\/td>\n<td width=\"50%\" style=\"text-align: right;\">280 mg\/kg<\/td>\n<\/tr>\n<tr>\n<td width=\"50%\" bgcolor=\"#fdefe6\">\u00c1CIDO F\u00d3LICO:<\/td>\n<td width=\"50%\" bgcolor=\"#fdefe6\" style=\"text-align: right;\">18 mg\/kg<\/td>\n<\/tr>\n<tr bgcolor=\"#FFFFFF\">\n<td width=\"50%\">METIONINA: <\/td>\n<td width=\"50%\" style=\"text-align: right;\">50.000 mg\/kg<\/td>\n<\/tr>\n<tr>\n<td width=\"50%\" bgcolor=\"#fdefe6\">COLINA:<\/td>\n<td width=\"50%\" bgcolor=\"#fdefe6\" style=\"text-align: right;\">12.000 mg\/kg<\/td>\n<\/tr>\n<tr bgcolor=\"#FFFFFF\">\n<td width=\"50%\">ZINC:<\/td>\n<td width=\"50%\" style=\"text-align: right;\">2.000 mg\/kg<\/td>\n<\/tr>\n<tr>\n<td width=\"50%\" bgcolor=\"#fdefe6\">HIERRO:<\/td>\n<td width=\"50%\" bgcolor=\"#fdefe6\" style=\"text-align: right;\">1.500 mg\/kg<\/td>\n<\/tr>\n<tr bgcolor=\"#FFFFFF\">\n<td width=\"50%\">MANGANESO:<\/td>\n<td width=\"50%\" style=\"text-align: right;\">3.000 mg\/kg<\/td>\n<\/tr>\n<tr>\n<td width=\"50%\" bgcolor=\"#fdefe6\">COBRE: <\/td>\n<td width=\"50%\" bgcolor=\"#fdefe6\" style=\"text-align: right;\">300 mg\/kg<\/td>\n<\/tr>\n<tr bgcolor=\"#FFFFFF\">\n<td width=\"50%\">COBALTO: <\/td>\n<td width=\"50%\" style=\"text-align: right;\">6 mg\/kg<\/td>\n<\/tr>\n<tr>\n<td width=\"50%\" bgcolor=\"#fdefe6\">IODO: <\/td>\n<td width=\"50%\" bgcolor=\"#fdefe6\" style=\"text-align: right;\">35 mg\/kg<\/td>\n<\/tr>\n<tr bgcolor=\"#FFFFFF\">\n<td width=\"50%\">SELENIO:<\/td>\n<td width=\"50%\" style=\"text-align: right;\">5 mg\/kg<\/td>\n<\/tr>\n<\/tbody>\n<\/table>\n<p>[\/et_pb_toggle][\/et_pb_column][et_pb_column type=&#8221;1_4&#8243; _builder_version=&#8221;4.16&#8243; global_colors_info=&#8221;{}&#8221;][\/et_pb_column][\/et_pb_row][\/et_pb_section]<\/p>\n","protected":false},"excerpt":{"rendered":"<p>Aves PonedorasN\u00daCLEOSPREMEZCLAS (PREMIX)N\u00daCLEOS PREMEZCLAS (PREMIX) N\u00facleosLos N\u00daCLEOS VITAMINICOS-MINERALES de Eurotec Nutrition cubren los requerimientos para lograr una \u00f3ptima performance. Los animales en crecimiento no deben padecer ning\u00fan tipo de restricci\u00f3n dietaria si no quiere comprometerse su salud y futuras producciones.Contiene EUROTIOX\u00ae (Antioxidante) Modo de uso gr.\/animal\/d\u00eda: 0,06 % del Peso Vivo Presentaci\u00f3n Bolsas por 25 [&hellip;]<\/p>\n","protected":false},"author":1,"featured_media":0,"parent":0,"menu_order":0,"comment_status":"closed","ping_status":"closed","template":"","meta":{"_et_pb_use_builder":"on","_et_pb_old_content":"<!-- wp:paragraph -->\n<p>This is an example page. It's different from a blog post because it will stay in one place and will show up in your site navigation (in most themes). Most people start with an About page that introduces them to potential site visitors. It might say something like this:<\/p>\n<!-- \/wp:paragraph -->\n\n<!-- wp:quote -->\n<blockquote class=\"wp-block-quote\"><p>Hi there! I'm a bike messenger by day, aspiring actor by night, and this is my website. I live in Los Angeles, have a great dog named Jack, and I like pi\u00f1a coladas. (And gettin' caught in the rain.)<\/p><\/blockquote>\n<!-- \/wp:quote -->\n\n<!-- wp:paragraph -->\n<p>...or something like this:<\/p>\n<!-- \/wp:paragraph -->\n\n<!-- wp:quote -->\n<blockquote class=\"wp-block-quote\"><p>The XYZ Doohickey Company was founded in 1971, and has been providing quality doohickeys to the public ever since. Located in Gotham City, XYZ employs over 2,000 people and does all kinds of awesome things for the Gotham community.<\/p><\/blockquote>\n<!-- \/wp:quote -->\n\n<!-- wp:paragraph -->\n<p>As a new WordPress user, you should go to <a href=\"https:\/\/beta.eurotec.com.ar\/wp-admin\/\">your dashboard<\/a> to delete this page and create new pages for your content. Have fun!<\/p>\n<!-- \/wp:paragraph -->","_et_gb_content_width":"","footnotes":""},"class_list":["post-405","page","type-page","status-publish","hentry"],"yoast_head":"<!-- This site is optimized with the Yoast SEO plugin v27.4 - https:\/\/yoast.com\/product\/yoast-seo-wordpress\/ -->\n<title>aves - Eurotec<\/title>\n<meta name=\"robots\" content=\"index, follow, max-snippet:-1, max-image-preview:large, max-video-preview:-1\" \/>\n<link rel=\"canonical\" href=\"https:\/\/eurotec.com.ar\/index.php\/aves\/\" \/>\n<meta property=\"og:locale\" content=\"es_ES\" \/>\n<meta property=\"og:type\" content=\"article\" \/>\n<meta property=\"og:title\" content=\"aves - Eurotec\" \/>\n<meta property=\"og:description\" content=\"Aves PonedorasN\u00daCLEOSPREMEZCLAS (PREMIX)N\u00daCLEOS PREMEZCLAS (PREMIX) N\u00facleosLos N\u00daCLEOS VITAMINICOS-MINERALES de Eurotec Nutrition cubren los requerimientos para lograr una \u00f3ptima performance. Los animales en crecimiento no deben padecer ning\u00fan tipo de restricci\u00f3n dietaria si no quiere comprometerse su salud y futuras producciones.Contiene EUROTIOX\u00ae (Antioxidante) Modo de uso gr.\/animal\/d\u00eda: 0,06 % del Peso Vivo Presentaci\u00f3n Bolsas por 25 [&hellip;]\" \/>\n<meta property=\"og:url\" content=\"https:\/\/eurotec.com.ar\/index.php\/aves\/\" \/>\n<meta property=\"og:site_name\" content=\"Eurotec\" \/>\n<meta property=\"article:modified_time\" content=\"2025-09-19T12:01:40+00:00\" \/>\n<meta name=\"twitter:card\" content=\"summary_large_image\" \/>\n<meta name=\"twitter:label1\" content=\"Tiempo de lectura\" \/>\n\t<meta name=\"twitter:data1\" content=\"6 minutos\" \/>\n<script type=\"application\/ld+json\" class=\"yoast-schema-graph\">{\"@context\":\"https:\\\/\\\/schema.org\",\"@graph\":[{\"@type\":\"WebPage\",\"@id\":\"https:\\\/\\\/eurotec.com.ar\\\/index.php\\\/aves\\\/\",\"url\":\"https:\\\/\\\/eurotec.com.ar\\\/index.php\\\/aves\\\/\",\"name\":\"aves - Eurotec\",\"isPartOf\":{\"@id\":\"https:\\\/\\\/eurotec.com.ar\\\/#website\"},\"datePublished\":\"2020-02-07T18:15:59+00:00\",\"dateModified\":\"2025-09-19T12:01:40+00:00\",\"breadcrumb\":{\"@id\":\"https:\\\/\\\/eurotec.com.ar\\\/index.php\\\/aves\\\/#breadcrumb\"},\"inLanguage\":\"es\",\"potentialAction\":[{\"@type\":\"ReadAction\",\"target\":[\"https:\\\/\\\/eurotec.com.ar\\\/index.php\\\/aves\\\/\"]}]},{\"@type\":\"BreadcrumbList\",\"@id\":\"https:\\\/\\\/eurotec.com.ar\\\/index.php\\\/aves\\\/#breadcrumb\",\"itemListElement\":[{\"@type\":\"ListItem\",\"position\":1,\"name\":\"Home\",\"item\":\"https:\\\/\\\/eurotec.com.ar\\\/\"},{\"@type\":\"ListItem\",\"position\":2,\"name\":\"aves\"}]},{\"@type\":\"WebSite\",\"@id\":\"https:\\\/\\\/eurotec.com.ar\\\/#website\",\"url\":\"https:\\\/\\\/eurotec.com.ar\\\/\",\"name\":\"Eurotec\",\"description\":\"Productos y Aditivos para Nutrici\u00f3n Animal\",\"potentialAction\":[{\"@type\":\"SearchAction\",\"target\":{\"@type\":\"EntryPoint\",\"urlTemplate\":\"https:\\\/\\\/eurotec.com.ar\\\/?s={search_term_string}\"},\"query-input\":{\"@type\":\"PropertyValueSpecification\",\"valueRequired\":true,\"valueName\":\"search_term_string\"}}],\"inLanguage\":\"es\"}]}<\/script>\n<!-- \/ Yoast SEO plugin. -->","yoast_head_json":{"title":"aves - Eurotec","robots":{"index":"index","follow":"follow","max-snippet":"max-snippet:-1","max-image-preview":"max-image-preview:large","max-video-preview":"max-video-preview:-1"},"canonical":"https:\/\/eurotec.com.ar\/index.php\/aves\/","og_locale":"es_ES","og_type":"article","og_title":"aves - Eurotec","og_description":"Aves PonedorasN\u00daCLEOSPREMEZCLAS (PREMIX)N\u00daCLEOS PREMEZCLAS (PREMIX) N\u00facleosLos N\u00daCLEOS VITAMINICOS-MINERALES de Eurotec Nutrition cubren los requerimientos para lograr una \u00f3ptima performance. Los animales en crecimiento no deben padecer ning\u00fan tipo de restricci\u00f3n dietaria si no quiere comprometerse su salud y futuras producciones.Contiene EUROTIOX\u00ae (Antioxidante) Modo de uso gr.\/animal\/d\u00eda: 0,06 % del Peso Vivo Presentaci\u00f3n Bolsas por 25 [&hellip;]","og_url":"https:\/\/eurotec.com.ar\/index.php\/aves\/","og_site_name":"Eurotec","article_modified_time":"2025-09-19T12:01:40+00:00","twitter_card":"summary_large_image","twitter_misc":{"Tiempo de lectura":"6 minutos"},"schema":{"@context":"https:\/\/schema.org","@graph":[{"@type":"WebPage","@id":"https:\/\/eurotec.com.ar\/index.php\/aves\/","url":"https:\/\/eurotec.com.ar\/index.php\/aves\/","name":"aves - Eurotec","isPartOf":{"@id":"https:\/\/eurotec.com.ar\/#website"},"datePublished":"2020-02-07T18:15:59+00:00","dateModified":"2025-09-19T12:01:40+00:00","breadcrumb":{"@id":"https:\/\/eurotec.com.ar\/index.php\/aves\/#breadcrumb"},"inLanguage":"es","potentialAction":[{"@type":"ReadAction","target":["https:\/\/eurotec.com.ar\/index.php\/aves\/"]}]},{"@type":"BreadcrumbList","@id":"https:\/\/eurotec.com.ar\/index.php\/aves\/#breadcrumb","itemListElement":[{"@type":"ListItem","position":1,"name":"Home","item":"https:\/\/eurotec.com.ar\/"},{"@type":"ListItem","position":2,"name":"aves"}]},{"@type":"WebSite","@id":"https:\/\/eurotec.com.ar\/#website","url":"https:\/\/eurotec.com.ar\/","name":"Eurotec","description":"Productos y Aditivos para Nutrici\u00f3n Animal","potentialAction":[{"@type":"SearchAction","target":{"@type":"EntryPoint","urlTemplate":"https:\/\/eurotec.com.ar\/?s={search_term_string}"},"query-input":{"@type":"PropertyValueSpecification","valueRequired":true,"valueName":"search_term_string"}}],"inLanguage":"es"}]}},"jetpack_sharing_enabled":true,"_links":{"self":[{"href":"https:\/\/eurotec.com.ar\/index.php\/wp-json\/wp\/v2\/pages\/405","targetHints":{"allow":["GET"]}}],"collection":[{"href":"https:\/\/eurotec.com.ar\/index.php\/wp-json\/wp\/v2\/pages"}],"about":[{"href":"https:\/\/eurotec.com.ar\/index.php\/wp-json\/wp\/v2\/types\/page"}],"author":[{"embeddable":true,"href":"https:\/\/eurotec.com.ar\/index.php\/wp-json\/wp\/v2\/users\/1"}],"replies":[{"embeddable":true,"href":"https:\/\/eurotec.com.ar\/index.php\/wp-json\/wp\/v2\/comments?post=405"}],"version-history":[{"count":15,"href":"https:\/\/eurotec.com.ar\/index.php\/wp-json\/wp\/v2\/pages\/405\/revisions"}],"predecessor-version":[{"id":1603,"href":"https:\/\/eurotec.com.ar\/index.php\/wp-json\/wp\/v2\/pages\/405\/revisions\/1603"}],"wp:attachment":[{"href":"https:\/\/eurotec.com.ar\/index.php\/wp-json\/wp\/v2\/media?parent=405"}],"curies":[{"name":"wp","href":"https:\/\/api.w.org\/{rel}","templated":true}]}}