{"id":141,"date":"2020-01-28T10:12:14","date_gmt":"2020-01-28T13:12:14","guid":{"rendered":"https:\/\/beta.eurotec.com.ar\/?page_id=141"},"modified":"2025-09-19T08:42:13","modified_gmt":"2025-09-19T11:42:13","slug":"empresa","status":"publish","type":"page","link":"https:\/\/eurotec.com.ar\/index.php\/empresa\/","title":{"rendered":"empresa"},"content":{"rendered":"<p>[et_pb_section fb_built=&#8221;1&#8243; fullwidth=&#8221;on&#8221; _builder_version=&#8221;4.16&#8243; background_color=&#8221;#ffffff&#8221; width=&#8221;100%&#8221; width_tablet=&#8221;&#8221; width_phone=&#8221;&#8221; width_last_edited=&#8221;on|desktop&#8221; custom_margin_tablet=&#8221;&#8221; custom_margin_phone=&#8221;||-355px||false|false&#8221; custom_margin_last_edited=&#8221;on|phone&#8221; global_colors_info=&#8221;{}&#8221;][et_pb_fullwidth_slider _builder_version=&#8221;4.27.4&#8243; background_color=&#8221;#ffffff&#8221; width=&#8221;100%&#8221; max_width=&#8221;100%&#8221; module_alignment=&#8221;center&#8221; custom_padding=&#8221;467px|||||&#8221; auto=&#8221;on&#8221; auto_speed=&#8221;5000&#8243; auto_ignore_hover=&#8221;on&#8221; hover_enabled=&#8221;0&#8243; global_colors_info=&#8221;{}&#8221; sticky_enabled=&#8221;0&#8243;][et_pb_slide _builder_version=&#8221;4.27.4&#8243; background_color=&#8221;#ffffff&#8221; background_enable_color=&#8221;on&#8221; background_image=&#8221;https:\/\/eurotec.com.ar\/wp-content\/uploads\/2020\/04\/zx62kiPU.png&#8221; background_enable_image=&#8221;on&#8221; background_size=&#8221;contain&#8221; background_position=&#8221;top_center&#8221; width=&#8221;100%&#8221; max_width=&#8221;100%&#8221; hover_enabled=&#8221;0&#8243; global_colors_info=&#8221;{}&#8221; sticky_transition=&#8221;on&#8221; sticky_enabled=&#8221;0&#8243; title_text=&#8221;zx62kiPU&#8221;][\/et_pb_slide][et_pb_slide _builder_version=&#8221;4.27.4&#8243; background_color=&#8221;#ffffff&#8221; background_enable_color=&#8221;on&#8221; background_image=&#8221;https:\/\/eurotec.com.ar\/wp-content\/uploads\/2020\/04\/Empresa-Banners-Stand-01.png&#8221; background_enable_image=&#8221;on&#8221; background_size=&#8221;contain&#8221; background_position=&#8221;top_center&#8221; width=&#8221;100%&#8221; max_width=&#8221;100%&#8221; hover_enabled=&#8221;0&#8243; global_colors_info=&#8221;{}&#8221; sticky_transition=&#8221;on&#8221; title_text=&#8221;Empresa- Banners-Stand 01&#8243; sticky_enabled=&#8221;0&#8243;][\/et_pb_slide][et_pb_slide _builder_version=&#8221;4.27.4&#8243; background_color=&#8221;#ffffff&#8221; background_enable_color=&#8221;on&#8221; background_image=&#8221;https:\/\/eurotec.com.ar\/wp-content\/uploads\/2020\/01\/Empresa-Eurotec-01.jpg&#8221; background_enable_image=&#8221;on&#8221; background_size=&#8221;contain&#8221; background_position=&#8221;top_center&#8221; width=&#8221;100%&#8221; max_width=&#8221;100%&#8221; hover_enabled=&#8221;0&#8243; global_colors_info=&#8221;{}&#8221; sticky_transition=&#8221;on&#8221; title_text=&#8221;Empresa-Eurotec-01&#8243; sticky_enabled=&#8221;0&#8243;][\/et_pb_slide][et_pb_slide _builder_version=&#8221;4.27.4&#8243; background_color=&#8221;#ffffff&#8221; background_enable_color=&#8221;on&#8221; background_image=&#8221;https:\/\/eurotec.com.ar\/wp-content\/uploads\/2020\/01\/Empresa-Eurotec-04.jpg&#8221; background_enable_image=&#8221;on&#8221; background_size=&#8221;contain&#8221; background_position=&#8221;top_center&#8221; width=&#8221;100%&#8221; max_width=&#8221;100%&#8221; hover_enabled=&#8221;0&#8243; global_colors_info=&#8221;{}&#8221; sticky_transition=&#8221;on&#8221; title_text=&#8221;Empresa-Eurotec-04&#8243; sticky_enabled=&#8221;0&#8243;][\/et_pb_slide][\/et_pb_fullwidth_slider][\/et_pb_section][et_pb_section fb_built=&#8221;1&#8243; _builder_version=&#8221;4.16&#8243; global_colors_info=&#8221;{}&#8221;][et_pb_row column_structure=&#8221;1_2,1_2&#8243; _builder_version=&#8221;4.16&#8243; global_colors_info=&#8221;{}&#8221;][et_pb_column type=&#8221;1_2&#8243; _builder_version=&#8221;4.16&#8243; global_colors_info=&#8221;{}&#8221;][et_pb_code _builder_version=&#8221;4.16&#8243; global_colors_info=&#8221;{}&#8221;]<iframe loading=\"lazy\" width=\"560\" height=\"315\" src=\"https:\/\/www.youtube.com\/embed\/BAR1CO3TXIA\" title=\"YouTube video player\" frameborder=\"0\" allow=\"accelerometer; autoplay; clipboard-write; encrypted-media; gyroscope; picture-in-picture\" allowfullscreen><\/iframe>[\/et_pb_code][\/et_pb_column][et_pb_column type=&#8221;1_2&#8243; _builder_version=&#8221;4.16&#8243; global_colors_info=&#8221;{}&#8221;][et_pb_text _builder_version=&#8221;4.16&#8243; text_font=&#8221;|300|||||||&#8221; text_font_size=&#8221;18px&#8221; global_colors_info=&#8221;{}&#8221;]<\/p>\n<p>Eurotec Nutrition Argentina es una empresa familiar dedicada a la formulaci\u00f3n, producci\u00f3n, comercializaci\u00f3n y distribuci\u00f3n de productos de nutrici\u00f3n animal y aditivos.<\/p>\n<p>El prop\u00f3sito de nuestro equipo es ayudar a nuestros clientes en el proceso hacia la producci\u00f3n efectiva, asesor\u00e1ndoles sobre Nutrici\u00f3n, Gesti\u00f3n y Formulaci\u00f3n.<\/p>\n<p>Eurotec Nutrition Argentina cuenta con sus oficinas en Buenos Aires y con representaci\u00f3n en todo el pa\u00eds a trav\u00e9s de su red de distribuidores y vendedores.<\/p>\n<p>[\/et_pb_text][\/et_pb_column][\/et_pb_row][et_pb_row column_structure=&#8221;1_2,1_2&#8243; _builder_version=&#8221;4.16&#8243; global_colors_info=&#8221;{}&#8221;][et_pb_column type=&#8221;1_2&#8243; _builder_version=&#8221;4.16&#8243; global_colors_info=&#8221;{}&#8221;][et_pb_code _builder_version=&#8221;4.16&#8243; global_colors_info=&#8221;{}&#8221;]<iframe loading=\"lazy\" width=\"560\" height=\"315\" width=\"560\" height=\"315\" src=\"https:\/\/www.youtube.com\/embed\/m6UQ0ZJ-Y78\" title=\"YouTube video player\" frameborder=\"0\" allow=\"accelerometer; autoplay; clipboard-write; encrypted-media; gyroscope; picture-in-picture\" allowfullscreen><\/iframe>[\/et_pb_code][\/et_pb_column][et_pb_column type=&#8221;1_2&#8243; _builder_version=&#8221;4.16&#8243; global_colors_info=&#8221;{}&#8221;][et_pb_text _builder_version=&#8221;4.16&#8243; text_font=&#8221;|300|||||||&#8221; text_font_size=&#8221;18px&#8221; global_colors_info=&#8221;{}&#8221;]<\/p>\n<p>Te mostramos algunos de los trabajos realizados durante 2021 abordando diferentes proyectos enfocados en nutrici\u00f3n animal que incluyen: la organizaci\u00f3n jornadas t\u00e9cnicas, participaci\u00f3n en eventos y el desarrollo de nuevos productos.<\/p>\n<p>[\/et_pb_text][\/et_pb_column][\/et_pb_row][\/et_pb_section]<\/p>\n","protected":false},"excerpt":{"rendered":"<p>Eurotec Nutrition Argentina es una empresa familiar dedicada a la formulaci\u00f3n, producci\u00f3n, comercializaci\u00f3n y distribuci\u00f3n de productos de nutrici\u00f3n animal y aditivos. El prop\u00f3sito de nuestro equipo es ayudar a nuestros clientes en el proceso hacia la producci\u00f3n efectiva, asesor\u00e1ndoles sobre Nutrici\u00f3n, Gesti\u00f3n y Formulaci\u00f3n. Eurotec Nutrition Argentina cuenta con sus oficinas en Buenos Aires [&hellip;]<\/p>\n","protected":false},"author":1,"featured_media":0,"parent":0,"menu_order":0,"comment_status":"closed","ping_status":"closed","template":"","meta":{"_et_pb_use_builder":"on","_et_pb_old_content":"<!-- wp:paragraph -->\n<p>This is an example page. It's different from a blog post because it will stay in one place and will show up in your site navigation (in most themes). Most people start with an About page that introduces them to potential site visitors. It might say something like this:<\/p>\n<!-- \/wp:paragraph -->\n\n<!-- wp:quote -->\n<blockquote class=\"wp-block-quote\"><p>Hi there! I'm a bike messenger by day, aspiring actor by night, and this is my website. I live in Los Angeles, have a great dog named Jack, and I like pi\u00f1a coladas. (And gettin' caught in the rain.)<\/p><\/blockquote>\n<!-- \/wp:quote -->\n\n<!-- wp:paragraph -->\n<p>...or something like this:<\/p>\n<!-- \/wp:paragraph -->\n\n<!-- wp:quote -->\n<blockquote class=\"wp-block-quote\"><p>The XYZ Doohickey Company was founded in 1971, and has been providing quality doohickeys to the public ever since. Located in Gotham City, XYZ employs over 2,000 people and does all kinds of awesome things for the Gotham community.<\/p><\/blockquote>\n<!-- \/wp:quote -->\n\n<!-- wp:paragraph -->\n<p>As a new WordPress user, you should go to <a href=\"https:\/\/beta.eurotec.com.ar\/wp-admin\/\">your dashboard<\/a> to delete this page and create new pages for your content. Have fun!<\/p>\n<!-- \/wp:paragraph -->","_et_gb_content_width":"","footnotes":""},"class_list":["post-141","page","type-page","status-publish","hentry"],"yoast_head":"<!-- This site is optimized with the Yoast SEO plugin v27.5 - https:\/\/yoast.com\/product\/yoast-seo-wordpress\/ -->\n<title>empresa - Eurotec<\/title>\n<meta name=\"robots\" content=\"index, follow, max-snippet:-1, max-image-preview:large, max-video-preview:-1\" \/>\n<link rel=\"canonical\" href=\"https:\/\/eurotec.com.ar\/index.php\/empresa\/\" \/>\n<meta property=\"og:locale\" content=\"es_ES\" \/>\n<meta property=\"og:type\" content=\"article\" \/>\n<meta property=\"og:title\" content=\"empresa - Eurotec\" \/>\n<meta property=\"og:description\" content=\"Eurotec Nutrition Argentina es una empresa familiar dedicada a la formulaci\u00f3n, producci\u00f3n, comercializaci\u00f3n y distribuci\u00f3n de productos de nutrici\u00f3n animal y aditivos. El prop\u00f3sito de nuestro equipo es ayudar a nuestros clientes en el proceso hacia la producci\u00f3n efectiva, asesor\u00e1ndoles sobre Nutrici\u00f3n, Gesti\u00f3n y Formulaci\u00f3n. Eurotec Nutrition Argentina cuenta con sus oficinas en Buenos Aires [&hellip;]\" \/>\n<meta property=\"og:url\" content=\"https:\/\/eurotec.com.ar\/index.php\/empresa\/\" \/>\n<meta property=\"og:site_name\" content=\"Eurotec\" \/>\n<meta property=\"article:modified_time\" content=\"2025-09-19T11:42:13+00:00\" \/>\n<meta name=\"twitter:card\" content=\"summary_large_image\" \/>\n<meta name=\"twitter:label1\" content=\"Tiempo de lectura\" \/>\n\t<meta name=\"twitter:data1\" content=\"3 minutos\" \/>\n<script type=\"application\/ld+json\" class=\"yoast-schema-graph\">{\"@context\":\"https:\\\/\\\/schema.org\",\"@graph\":[{\"@type\":\"WebPage\",\"@id\":\"https:\\\/\\\/eurotec.com.ar\\\/index.php\\\/empresa\\\/\",\"url\":\"https:\\\/\\\/eurotec.com.ar\\\/index.php\\\/empresa\\\/\",\"name\":\"empresa - Eurotec\",\"isPartOf\":{\"@id\":\"https:\\\/\\\/eurotec.com.ar\\\/#website\"},\"datePublished\":\"2020-01-28T13:12:14+00:00\",\"dateModified\":\"2025-09-19T11:42:13+00:00\",\"breadcrumb\":{\"@id\":\"https:\\\/\\\/eurotec.com.ar\\\/index.php\\\/empresa\\\/#breadcrumb\"},\"inLanguage\":\"es\",\"potentialAction\":[{\"@type\":\"ReadAction\",\"target\":[\"https:\\\/\\\/eurotec.com.ar\\\/index.php\\\/empresa\\\/\"]}]},{\"@type\":\"BreadcrumbList\",\"@id\":\"https:\\\/\\\/eurotec.com.ar\\\/index.php\\\/empresa\\\/#breadcrumb\",\"itemListElement\":[{\"@type\":\"ListItem\",\"position\":1,\"name\":\"Home\",\"item\":\"https:\\\/\\\/eurotec.com.ar\\\/\"},{\"@type\":\"ListItem\",\"position\":2,\"name\":\"empresa\"}]},{\"@type\":\"WebSite\",\"@id\":\"https:\\\/\\\/eurotec.com.ar\\\/#website\",\"url\":\"https:\\\/\\\/eurotec.com.ar\\\/\",\"name\":\"Eurotec\",\"description\":\"Productos y Aditivos para Nutrici\u00f3n Animal\",\"potentialAction\":[{\"@type\":\"SearchAction\",\"target\":{\"@type\":\"EntryPoint\",\"urlTemplate\":\"https:\\\/\\\/eurotec.com.ar\\\/?s={search_term_string}\"},\"query-input\":{\"@type\":\"PropertyValueSpecification\",\"valueRequired\":true,\"valueName\":\"search_term_string\"}}],\"inLanguage\":\"es\"}]}<\/script>\n<!-- \/ Yoast SEO plugin. -->","yoast_head_json":{"title":"empresa - Eurotec","robots":{"index":"index","follow":"follow","max-snippet":"max-snippet:-1","max-image-preview":"max-image-preview:large","max-video-preview":"max-video-preview:-1"},"canonical":"https:\/\/eurotec.com.ar\/index.php\/empresa\/","og_locale":"es_ES","og_type":"article","og_title":"empresa - Eurotec","og_description":"Eurotec Nutrition Argentina es una empresa familiar dedicada a la formulaci\u00f3n, producci\u00f3n, comercializaci\u00f3n y distribuci\u00f3n de productos de nutrici\u00f3n animal y aditivos. El prop\u00f3sito de nuestro equipo es ayudar a nuestros clientes en el proceso hacia la producci\u00f3n efectiva, asesor\u00e1ndoles sobre Nutrici\u00f3n, Gesti\u00f3n y Formulaci\u00f3n. Eurotec Nutrition Argentina cuenta con sus oficinas en Buenos Aires [&hellip;]","og_url":"https:\/\/eurotec.com.ar\/index.php\/empresa\/","og_site_name":"Eurotec","article_modified_time":"2025-09-19T11:42:13+00:00","twitter_card":"summary_large_image","twitter_misc":{"Tiempo de lectura":"3 minutos"},"schema":{"@context":"https:\/\/schema.org","@graph":[{"@type":"WebPage","@id":"https:\/\/eurotec.com.ar\/index.php\/empresa\/","url":"https:\/\/eurotec.com.ar\/index.php\/empresa\/","name":"empresa - Eurotec","isPartOf":{"@id":"https:\/\/eurotec.com.ar\/#website"},"datePublished":"2020-01-28T13:12:14+00:00","dateModified":"2025-09-19T11:42:13+00:00","breadcrumb":{"@id":"https:\/\/eurotec.com.ar\/index.php\/empresa\/#breadcrumb"},"inLanguage":"es","potentialAction":[{"@type":"ReadAction","target":["https:\/\/eurotec.com.ar\/index.php\/empresa\/"]}]},{"@type":"BreadcrumbList","@id":"https:\/\/eurotec.com.ar\/index.php\/empresa\/#breadcrumb","itemListElement":[{"@type":"ListItem","position":1,"name":"Home","item":"https:\/\/eurotec.com.ar\/"},{"@type":"ListItem","position":2,"name":"empresa"}]},{"@type":"WebSite","@id":"https:\/\/eurotec.com.ar\/#website","url":"https:\/\/eurotec.com.ar\/","name":"Eurotec","description":"Productos y Aditivos para Nutrici\u00f3n Animal","potentialAction":[{"@type":"SearchAction","target":{"@type":"EntryPoint","urlTemplate":"https:\/\/eurotec.com.ar\/?s={search_term_string}"},"query-input":{"@type":"PropertyValueSpecification","valueRequired":true,"valueName":"search_term_string"}}],"inLanguage":"es"}]}},"jetpack_sharing_enabled":true,"_links":{"self":[{"href":"https:\/\/eurotec.com.ar\/index.php\/wp-json\/wp\/v2\/pages\/141","targetHints":{"allow":["GET"]}}],"collection":[{"href":"https:\/\/eurotec.com.ar\/index.php\/wp-json\/wp\/v2\/pages"}],"about":[{"href":"https:\/\/eurotec.com.ar\/index.php\/wp-json\/wp\/v2\/types\/page"}],"author":[{"embeddable":true,"href":"https:\/\/eurotec.com.ar\/index.php\/wp-json\/wp\/v2\/users\/1"}],"replies":[{"embeddable":true,"href":"https:\/\/eurotec.com.ar\/index.php\/wp-json\/wp\/v2\/comments?post=141"}],"version-history":[{"count":17,"href":"https:\/\/eurotec.com.ar\/index.php\/wp-json\/wp\/v2\/pages\/141\/revisions"}],"predecessor-version":[{"id":1598,"href":"https:\/\/eurotec.com.ar\/index.php\/wp-json\/wp\/v2\/pages\/141\/revisions\/1598"}],"wp:attachment":[{"href":"https:\/\/eurotec.com.ar\/index.php\/wp-json\/wp\/v2\/media?parent=141"}],"curies":[{"name":"wp","href":"https:\/\/api.w.org\/{rel}","templated":true}]}}